{"id":860,"date":"2018-06-28T17:39:03","date_gmt":"2018-06-28T20:39:03","guid":{"rendered":"https:\/\/ifdcsierragrande-rng.infd.edu.ar\/sitio\/ubicacion\/"},"modified":"2023-02-16T11:05:25","modified_gmt":"2023-02-16T14:05:25","slug":"ubicacion","status":"publish","type":"page","link":"https:\/\/ifdcsierragrande-rng.infd.edu.ar\/sitio\/ubicacion\/","title":{"rendered":"Ubicaci\u00f3n"},"content":{"rendered":"<p style=\"text-align: justify;\"><span style=\"font-size: 10pt;\" data-mce-mark=\"1\">El IFDC funciona en la localidad de Sierra Grande, R\u00edo Negro.<\/span><\/p>\n<p style=\"text-align: justify;\"><span style=\"font-size: 10pt;\" data-mce-mark=\"1\">Actualmente funciona en las instalaciones de la Escuela Primaria N\u00ba 60, con domicilio en Av. Ant\u00e1rtida Argentina y Docentes Rionegrinos.<\/span><\/p>\n<p style=\"text-align: justify;\"><span style=\"font-size: 10pt;\" data-mce-mark=\"1\"><span style=\"font-size: 10pt;\" data-mce-mark=\"1\">Plano de Ubicaci\u00f3n del Instituto de Formaci\u00f3n Docente:<\/span><\/span><\/p>\n<p style=\"text-align: left;\"><small><a style=\"color: #0000ff; text-align: left;\" href=\"https:\/\/goo.gl\/maps\/cBDKjF9RmdEo3dph7\" target=\"_blank\" rel=\"noopener\"><br \/>\n<iframe loading=\"lazy\" style=\"border: 0;\" src=\"https:\/\/www.google.com\/maps\/embed?pb=!1m18!1m12!1m3!1d23864.690609960435!2d-65.39288998437503!3d-41.6106449!2m3!1f0!2f0!3f0!3m2!1i1024!2i768!4f13.1!3m3!1m2!1s0x95f91d504901ccd9%3A0x3f9f70f3b71698bc!2sIFDC%20sierra%20Grande!5e0!3m2!1ses!2sar!4v1676556069564!5m2!1ses!2sar\" width=\"600\" height=\"450\" allowfullscreen=\"allowfullscreen\"><\/iframe><br \/>\nVer mapa m\u00e1s grande<\/a><\/small><\/p>\n","protected":false},"excerpt":{"rendered":"<p>El IFDC funciona en la localidad de Sierra Grande, R\u00edo Negro. Actualmente funciona en las instalaciones de la Escuela Primaria N\u00ba 60, con domicilio en Av. Ant\u00e1rtida Argentina y Docentes Rionegrinos. Plano de Ubicaci\u00f3n del Instituto de Formaci\u00f3n Docente: Ver mapa m\u00e1s grande<\/p>\n","protected":false},"author":16,"featured_media":0,"parent":0,"menu_order":0,"comment_status":"closed","ping_status":"closed","template":"","meta":[],"acf":[],"_links":{"self":[{"href":"https:\/\/ifdcsierragrande-rng.infd.edu.ar\/sitio\/wp-json\/wp\/v2\/pages\/860"}],"collection":[{"href":"https:\/\/ifdcsierragrande-rng.infd.edu.ar\/sitio\/wp-json\/wp\/v2\/pages"}],"about":[{"href":"https:\/\/ifdcsierragrande-rng.infd.edu.ar\/sitio\/wp-json\/wp\/v2\/types\/page"}],"author":[{"embeddable":true,"href":"https:\/\/ifdcsierragrande-rng.infd.edu.ar\/sitio\/wp-json\/wp\/v2\/users\/16"}],"replies":[{"embeddable":true,"href":"https:\/\/ifdcsierragrande-rng.infd.edu.ar\/sitio\/wp-json\/wp\/v2\/comments?post=860"}],"version-history":[{"count":2,"href":"https:\/\/ifdcsierragrande-rng.infd.edu.ar\/sitio\/wp-json\/wp\/v2\/pages\/860\/revisions"}],"predecessor-version":[{"id":3304,"href":"https:\/\/ifdcsierragrande-rng.infd.edu.ar\/sitio\/wp-json\/wp\/v2\/pages\/860\/revisions\/3304"}],"wp:attachment":[{"href":"https:\/\/ifdcsierragrande-rng.infd.edu.ar\/sitio\/wp-json\/wp\/v2\/media?parent=860"}],"curies":[{"name":"wp","href":"https:\/\/api.w.org\/{rel}","templated":true}]}}