{"id":855,"date":"2018-06-28T17:39:01","date_gmt":"2018-06-28T20:39:01","guid":{"rendered":"https:\/\/ifdcsierragrande-rng.infd.edu.ar\/sitio\/datos-institucionales\/"},"modified":"2023-05-03T21:12:05","modified_gmt":"2023-05-04T00:12:05","slug":"datos-institucionales","status":"publish","type":"page","link":"https:\/\/ifdcsierragrande-rng.infd.edu.ar\/sitio\/datos-institucionales\/","title":{"rendered":"Datos institucionales"},"content":{"rendered":"\n<div class=\"wp-block-columns is-layout-flex wp-container-2\">\n<div class=\"wp-block-column is-layout-flow\" style=\"flex-basis:100%\">\n<figure class=\"wp-block-table\"><table><tbody><tr><td class=\"has-text-align-right\" data-align=\"right\">Nombre<\/td><td>Instituto de Formaci\u00f3n Docente Continua Sierra Grande [RN] <\/td><\/tr><tr><td class=\"has-text-align-right\" data-align=\"right\">Carreras<\/td><td>Profesorado de Educaci\u00f3n Inicial<br>Profesorado de Educaci\u00f3n Primaria<\/td><\/tr><tr><td class=\"has-text-align-right\" data-align=\"right\">Secretar\u00eda Administrativa Horarios de atenci\u00f3n<\/td><td>09 a 12:30 hs y de 17 a 20:30 hs     <strong>E-mail:<\/strong> <a rel=\"noopener\" href=\"https:\/\/accounts.google.com\/v3\/signin\/identifier?dsh=S-1660471308%3A1669293234027138&amp;continue=https%3A%2F%2Fmail.google.com%2Fmail%2Fu%2F0%2F&amp;emr=1&amp;followup=https%3A%2F%2Fmail.google.com%2Fmail%2Fu%2F0%2F&amp;osid=1&amp;passive=1209600&amp;service=mail&amp;flowName=GlifWebSignIn&amp;flowEntry=ServiceLogin&amp;ifkv=ARgdvAumXBHi--yRenemFhUj3c0LEcGbCReXX1VQuInK5-S2suiNvRjOiWCKg4YA_RwHpnEg4yZt\" target=\"_blank\">ifdcsierragrande@gmail.com<\/a><\/td><\/tr><tr><td class=\"has-text-align-right\" data-align=\"right\">Secretar\u00eda de Estudiantes Horarios de atenci\u00f3n<\/td><td>17 a 20:30 hs     <strong>E-mail:<\/strong> <a rel=\"noopener\" href=\"https:\/\/accounts.google.com\/v3\/signin\/identifier?dsh=S-1660471308%3A1669293234027138&amp;continue=https%3A%2F%2Fmail.google.com%2Fmail%2Fu%2F0%2F&amp;emr=1&amp;followup=https%3A%2F%2Fmail.google.com%2Fmail%2Fu%2F0%2F&amp;osid=1&amp;passive=1209600&amp;service=mail&amp;flowName=GlifWebSignIn&amp;flowEntry=ServiceLogin&amp;ifkv=ARgdvAumXBHi--yRenemFhUj3c0LEcGbCReXX1VQuInK5-S2suiNvRjOiWCKg4YA_RwHpnEg4yZt\" target=\"_blank\">ifdcsgacademica@gmail.com<\/a><\/td><\/tr><tr><td class=\"has-text-align-right\" data-align=\"right\">Direcci\u00f3n<\/td><td>Av. Ant\u00e1rtida Argentina y&nbsp;Docentes Rionegrinos. (Edificio Escuela Primaria N\u00b0 60)<\/td><\/tr><tr><td class=\"has-text-align-right\" data-align=\"right\">Tel\u00e9fono fijo<\/td><td>02934-481937<\/td><\/tr><\/tbody><\/table><\/figure>\n<\/div>\n<\/div>\n","protected":false},"excerpt":{"rendered":"<p>Nombre Instituto de Formaci\u00f3n Docente Continua Sierra Grande [RN] Carreras Profesorado de Educaci\u00f3n InicialProfesorado de Educaci\u00f3n Primaria Secretar\u00eda Administrativa Horarios de atenci\u00f3n 09 a 12:30 hs y de 17 a 20:30 hs E-mail: ifdcsierragrande@gmail.com Secretar\u00eda de Estudiantes Horarios de atenci\u00f3n 17 a 20:30 hs E-mail: ifdcsgacademica@gmail.com Direcci\u00f3n Av. Ant\u00e1rtida Argentina y&nbsp;Docentes Rionegrinos. (Edificio Escuela Primaria &#8230; <a title=\"Datos institucionales\" class=\"read-more\" href=\"https:\/\/ifdcsierragrande-rng.infd.edu.ar\/sitio\/datos-institucionales\/\" aria-label=\"More on Datos institucionales\">[+]<\/a><\/p>\n","protected":false},"author":16,"featured_media":0,"parent":0,"menu_order":0,"comment_status":"closed","ping_status":"closed","template":"","meta":[],"acf":[],"_links":{"self":[{"href":"https:\/\/ifdcsierragrande-rng.infd.edu.ar\/sitio\/wp-json\/wp\/v2\/pages\/855"}],"collection":[{"href":"https:\/\/ifdcsierragrande-rng.infd.edu.ar\/sitio\/wp-json\/wp\/v2\/pages"}],"about":[{"href":"https:\/\/ifdcsierragrande-rng.infd.edu.ar\/sitio\/wp-json\/wp\/v2\/types\/page"}],"author":[{"embeddable":true,"href":"https:\/\/ifdcsierragrande-rng.infd.edu.ar\/sitio\/wp-json\/wp\/v2\/users\/16"}],"replies":[{"embeddable":true,"href":"https:\/\/ifdcsierragrande-rng.infd.edu.ar\/sitio\/wp-json\/wp\/v2\/comments?post=855"}],"version-history":[{"count":15,"href":"https:\/\/ifdcsierragrande-rng.infd.edu.ar\/sitio\/wp-json\/wp\/v2\/pages\/855\/revisions"}],"predecessor-version":[{"id":3423,"href":"https:\/\/ifdcsierragrande-rng.infd.edu.ar\/sitio\/wp-json\/wp\/v2\/pages\/855\/revisions\/3423"}],"wp:attachment":[{"href":"https:\/\/ifdcsierragrande-rng.infd.edu.ar\/sitio\/wp-json\/wp\/v2\/media?parent=855"}],"curies":[{"name":"wp","href":"https:\/\/api.w.org\/{rel}","templated":true}]}}