{"id":3309,"date":"2023-02-23T08:46:59","date_gmt":"2023-02-23T11:46:59","guid":{"rendered":"https:\/\/ifdcsierragrande-rng.infd.edu.ar\/sitio\/?page_id=3309"},"modified":"2025-02-10T20:56:00","modified_gmt":"2025-02-10T23:56:00","slug":"formacion-inicial","status":"publish","type":"page","link":"https:\/\/ifdcsierragrande-rng.infd.edu.ar\/sitio\/formacion-inicial\/","title":{"rendered":"Formaci\u00f3n Inicial"},"content":{"rendered":"\n<p class=\"has-text-align-left\"><strong>Departamento de Formaci\u00f3n:<\/strong> Es funci\u00f3n de este departamento ejercer la coordinaci\u00f3n acad\u00e9mica del instituto, articular actividades formativas y coordinar acciones inherentes a los profesorados que se dictan, en conjunto con Coordinadoras de Carrera y Secretaria de Estudiantes.<\/p>\n\n\n\n<figure class=\"wp-block-gallery aligncenter has-nested-images columns-default is-cropped wp-block-gallery-1 is-layout-flex\"><div class=\"wp-block-image\">\n<figure class=\"aligncenter size-full\"><img decoding=\"async\" loading=\"lazy\" width=\"920\" height=\"335\" data-id=\"3314\"  src=\"https:\/\/ifdcsierragrande-rng.infd.edu.ar\/sitio\/wp-content\/uploads\/2023\/02\/Portada-Formacion-Permanente.png\" alt=\"\" class=\"wp-image-3314\" srcset=\"https:\/\/ifdcsierragrande-rng.infd.edu.ar\/sitio\/wp-content\/uploads\/2023\/02\/Portada-Formacion-Permanente.png 920w, https:\/\/ifdcsierragrande-rng.infd.edu.ar\/sitio\/wp-content\/uploads\/2023\/02\/Portada-Formacion-Permanente-768x280.png 768w\" sizes=\"(max-width: 920px) 100vw, 920px\" \/><\/figure><\/div><\/figure>\n\n\n\n<p class=\"has-text-align-center\"> <strong>E-mail:<\/strong> <a rel=\"noreferrer noopener\" href=\"https:\/\/accounts.google.com\/v3\/signin\/identifier?dsh=S-50099535%3A1670275649114541&amp;continue=https%3A%2F%2Fmail.google.com%2Fmail%2F&amp;rip=1&amp;sacu=1&amp;service=mail&amp;flowName=GlifWebSignIn&amp;flowEntry=ServiceLogin&amp;ifkv=ARgdvAu0ekEqhTkhxPbHNtn4GNi_ZwD21dzV4AW1l_YOqFWnbqLgxDJVpgEK6qUsZXtd8j5vRHBh\" target=\"_blank\">departamentoformacionsg@gmail.com<\/a><\/p>\n\n\n\n<p class=\"has-text-align-center\">    <strong>Horarios de atenci\u00f3n:<\/strong> Martes de 17:30 a 19:30 h y Viernes de 10 a 12 h.<\/p>\n","protected":false},"excerpt":{"rendered":"<p>Departamento de Formaci\u00f3n: Es funci\u00f3n de este departamento ejercer la coordinaci\u00f3n acad\u00e9mica del instituto, articular actividades formativas y coordinar acciones inherentes a los profesorados que se dictan, en conjunto con Coordinadoras de Carrera y Secretaria de Estudiantes. E-mail: departamentoformacionsg@gmail.com Horarios de atenci\u00f3n: Martes de 17:30 a 19:30 h y Viernes de 10 a 12 h.<\/p>\n","protected":false},"author":16,"featured_media":0,"parent":0,"menu_order":0,"comment_status":"closed","ping_status":"closed","template":"","meta":[],"acf":[],"_links":{"self":[{"href":"https:\/\/ifdcsierragrande-rng.infd.edu.ar\/sitio\/wp-json\/wp\/v2\/pages\/3309"}],"collection":[{"href":"https:\/\/ifdcsierragrande-rng.infd.edu.ar\/sitio\/wp-json\/wp\/v2\/pages"}],"about":[{"href":"https:\/\/ifdcsierragrande-rng.infd.edu.ar\/sitio\/wp-json\/wp\/v2\/types\/page"}],"author":[{"embeddable":true,"href":"https:\/\/ifdcsierragrande-rng.infd.edu.ar\/sitio\/wp-json\/wp\/v2\/users\/16"}],"replies":[{"embeddable":true,"href":"https:\/\/ifdcsierragrande-rng.infd.edu.ar\/sitio\/wp-json\/wp\/v2\/comments?post=3309"}],"version-history":[{"count":6,"href":"https:\/\/ifdcsierragrande-rng.infd.edu.ar\/sitio\/wp-json\/wp\/v2\/pages\/3309\/revisions"}],"predecessor-version":[{"id":4330,"href":"https:\/\/ifdcsierragrande-rng.infd.edu.ar\/sitio\/wp-json\/wp\/v2\/pages\/3309\/revisions\/4330"}],"wp:attachment":[{"href":"https:\/\/ifdcsierragrande-rng.infd.edu.ar\/sitio\/wp-json\/wp\/v2\/media?parent=3309"}],"curies":[{"name":"wp","href":"https:\/\/api.w.org\/{rel}","templated":true}]}}