{"id":286,"date":"2016-10-31T13:17:59","date_gmt":"2016-10-31T16:17:59","guid":{"rendered":"https:\/\/ifdcsierragrande-rng.infd.edu.ar\/sitio\/?page_id=286"},"modified":"2026-04-01T23:02:57","modified_gmt":"2026-04-02T02:02:57","slug":"inicio","status":"publish","type":"page","link":"https:\/\/ifdcsierragrande-rng.infd.edu.ar\/sitio\/","title":{"rendered":"Enlaces de intercambio."},"content":{"rendered":"<h5><img decoding=\"async\" loading=\"lazy\" class=\"alignleft wp-image-3045\" src=\"https:\/\/ifdcsierragrande-rng.infd.edu.ar\/sitio\/wp-content\/uploads\/2022\/10\/Portada-IFDC-2022-CAMPUS.png\" alt=\"\" width=\"687\" height=\"515\" srcset=\"https:\/\/ifdcsierragrande-rng.infd.edu.ar\/sitio\/wp-content\/uploads\/2022\/10\/Portada-IFDC-2022-CAMPUS.png 960w, https:\/\/ifdcsierragrande-rng.infd.edu.ar\/sitio\/wp-content\/uploads\/2022\/10\/Portada-IFDC-2022-CAMPUS-768x576.png 768w\" sizes=\"(max-width: 687px) 100vw, 687px\" \/><\/h5>\n<h5>\u00a0 \u00a0 \u00a0 \u00a0 \u00a0<\/h5>\n<h5>\u00a0 \u00a0 \u00a0 \u00a0 \u00a0 \u00a0 \u00a0 \u00a0 \u00a0 <img decoding=\"async\" loading=\"lazy\" class=\"alignnone  wp-image-4755\" src=\"https:\/\/ifdcsierragrande-rng.infd.edu.ar\/sitio\/wp-content\/uploads\/2025\/04\/clic-ojitos.gif\" alt=\"\" width=\"133\" height=\"76\" \/><\/h5>\n<p>\u00a0 \u00a0\u00a0<a href=\"https:\/\/stream.zeno.fm\/qyubjwsxwpmvv\"><img decoding=\"async\" loading=\"lazy\" class=\"alignleft wp-image-4777\" src=\"https:\/\/ifdcsierragrande-rng.infd.edu.ar\/sitio\/wp-content\/uploads\/2025\/05\/Logo-Radio-IFDC-SG-RN-25-2.png\" alt=\"\" width=\"216\" height=\"186\" \/><\/a><\/p>\n<h5>\u00a0 \u00a0 \u00a0 \u00a0 \u00a0 \u00a0 \u00a0 \u00a0 \u00a0 \u00a0 <a style=\"font-size: 16px;\" href=\"https:\/\/stream.zeno.fm\/qyubjwsxwpmvv\">Radio IFDC Online<\/a><\/h5>\n<p>&nbsp;<\/p>\n<p>&nbsp;<\/p>\n<p>&nbsp;<\/p>\n<p>&nbsp;<\/p>\n<p>&nbsp;<\/p>\n<p style=\"text-align: left;\"><strong style=\"color: #008000;\">Informes:<\/strong><\/p>\n<h6>Secretar\u00eda administrativa, horario de atenci\u00f3n al p\u00fablico<br \/>09 a 12:30 hs y de 17 a 20:30 hs.<\/p>\n<p>Secretar\u00eda de estudiantes, horario de atenci\u00f3n al p\u00fablico<br \/>17 a 20:30 hs.<\/p>\n<p>Facebook<br \/><a href=\"https:\/\/www.facebook.com\/profile.php?id=100007157742206\">https:\/\/www.facebook.com\/profile.php?id=100007157742206<\/a><\/p>\n<p>Sitio web<br \/><a href=\"https:\/\/ifdcsierragrande-rng.infd.edu.ar\/sitio\/\">https:\/\/ifdcsierragrande-rng.infd.edu.ar\/sitio\/<\/a><\/p>\n<p>Tel\u00e9fono<br \/>02934-481937<\/h6>\n<div style=\"text-align: justify;\">\n<div>\n<div>\u00a0<\/div>\n<div>\u00a0<\/div>\n<div><img decoding=\"async\" loading=\"lazy\" class=\"aligncenter\" title=\"\" src=\"https:\/\/ifdcsierragrande-rng.infd.edu.ar\/sitio\/wp-content\/uploads\/2018\/06\/linea2.png\" alt=\"\" width=\"788\" height=\"11\" border=\"0\" \/><\/div>\n<\/div>\n<\/div>\n","protected":false},"excerpt":{"rendered":"<p>\u00a0 \u00a0 \u00a0 \u00a0 \u00a0 \u00a0 \u00a0 \u00a0 \u00a0 \u00a0 \u00a0 \u00a0 \u00a0 \u00a0 \u00a0 \u00a0\u00a0 \u00a0 \u00a0 \u00a0 \u00a0 \u00a0 \u00a0 \u00a0 \u00a0 \u00a0 \u00a0 Radio IFDC Online &nbsp; &nbsp; &nbsp; &nbsp; &nbsp; Informes: Secretar\u00eda administrativa, horario de atenci\u00f3n al p\u00fablico09 a 12:30 hs y de 17 a 20:30 hs. Secretar\u00eda de estudiantes, horario &#8230; <a title=\"Enlaces de intercambio.\" class=\"read-more\" href=\"https:\/\/ifdcsierragrande-rng.infd.edu.ar\/sitio\/\" aria-label=\"More on Enlaces de intercambio.\">[+]<\/a><\/p>\n","protected":false},"author":4,"featured_media":0,"parent":0,"menu_order":0,"comment_status":"closed","ping_status":"closed","template":"","meta":[],"acf":[],"_links":{"self":[{"href":"https:\/\/ifdcsierragrande-rng.infd.edu.ar\/sitio\/wp-json\/wp\/v2\/pages\/286"}],"collection":[{"href":"https:\/\/ifdcsierragrande-rng.infd.edu.ar\/sitio\/wp-json\/wp\/v2\/pages"}],"about":[{"href":"https:\/\/ifdcsierragrande-rng.infd.edu.ar\/sitio\/wp-json\/wp\/v2\/types\/page"}],"author":[{"embeddable":true,"href":"https:\/\/ifdcsierragrande-rng.infd.edu.ar\/sitio\/wp-json\/wp\/v2\/users\/4"}],"replies":[{"embeddable":true,"href":"https:\/\/ifdcsierragrande-rng.infd.edu.ar\/sitio\/wp-json\/wp\/v2\/comments?post=286"}],"version-history":[{"count":282,"href":"https:\/\/ifdcsierragrande-rng.infd.edu.ar\/sitio\/wp-json\/wp\/v2\/pages\/286\/revisions"}],"predecessor-version":[{"id":5559,"href":"https:\/\/ifdcsierragrande-rng.infd.edu.ar\/sitio\/wp-json\/wp\/v2\/pages\/286\/revisions\/5559"}],"wp:attachment":[{"href":"https:\/\/ifdcsierragrande-rng.infd.edu.ar\/sitio\/wp-json\/wp\/v2\/media?parent=286"}],"curies":[{"name":"wp","href":"https:\/\/api.w.org\/{rel}","templated":true}]}}