{"id":2812,"date":"2022-04-21T02:47:46","date_gmt":"2022-04-21T05:47:46","guid":{"rendered":"https:\/\/ifdcsierragrande-rng.infd.edu.ar\/sitio\/?page_id=2812"},"modified":"2026-03-31T19:56:21","modified_gmt":"2026-03-31T22:56:21","slug":"concursos-docentes","status":"publish","type":"page","link":"https:\/\/ifdcsierragrande-rng.infd.edu.ar\/sitio\/concursos-docentes\/","title":{"rendered":"CONCURSOS DOCENTES"},"content":{"rendered":"\n<h5 class=\"wp-block-heading has-text-align-left has-normal-font-size\"><img decoding=\"async\" style=\"width: 30px;\" src=\"https:\/\/ifdcsierragrande-rng.infd.edu.ar\/sitio\/wp-content\/uploads\/2018\/06\/icono_pdf-e1534143269970.gif\" alt=\"\"> <a rel=\"noreferrer noopener\" href=\"https:\/\/ifdcsierragrande-rng.infd.edu.ar\/sitio\/wp-content\/uploads\/2026\/02\/Bases-del-Concurso.pdf\" target=\"_blank\"><strong>Bases concurso<\/strong><\/a><\/h5>\n\n\n\n<p><strong> <img decoding=\"async\" loading=\"lazy\" width=\"30\" height=\"30\" class=\"wp-image-4641\" style=\"width: 30px;\" src=\"https:\/\/ifdcsierragrande-rng.infd.edu.ar\/sitio\/wp-content\/uploads\/2025\/04\/image-2.png\" alt=\"\"> <a href=\"https:\/\/ifdcsierragrande-rng.infd.edu.ar\/sitio\/wp-content\/uploads\/2026\/02\/Res-439-26-Concursos-Interinos-y-Suplentes.pdf\" target=\"_blank\" rel=\"noreferrer noopener\">Res. 439\/26 Concursos Interinos y Suplentes<\/a><\/strong><\/p>\n\n\n\n<p> <img decoding=\"async\" loading=\"lazy\" width=\"30\" height=\"30\" class=\"wp-image-4641\" style=\"width: 30px;\" src=\"https:\/\/ifdcsierragrande-rng.infd.edu.ar\/sitio\/wp-content\/uploads\/2025\/04\/image-2.png\" alt=\"\"> <strong><a rel=\"noreferrer noopener\" href=\"https:\/\/ifdcsierragrande-rng.infd.edu.ar\/sitio\/wp-content\/uploads\/2026\/02\/Disposicion-884-25-DES.pdf\" target=\"_blank\">Disp. 884\/25 Formaci\u00f3n Inicial<\/a><\/strong><\/p>\n\n\n\n<h5 class=\"wp-block-heading has-normal-font-size\" id=\"block-3c3fbc8e-3e8b-4c9f-9af5-5ab633e2145f\"><img decoding=\"async\" loading=\"lazy\" width=\"30\" height=\"30\" src=\"https:\/\/ifdcsierragrande-rng.infd.edu.ar\/sitio\/wp-content\/uploads\/2018\/06\/icono_pdf-e1534143269970.gif\" alt=\"\"> <a rel=\"noreferrer noopener\" href=\"https:\/\/ifdcsierragrande-rng.infd.edu.ar\/sitio\/wp-content\/uploads\/2026\/02\/Resolucion-06006-24-ANEXO-I-II.pdf\" target=\"_blank\"><strong>Res. 6006\/24 Pr\u00e1cticas Docentes<\/strong><\/a><\/h5>\n\n\n\n<h5 class=\"wp-block-heading has-normal-font-size\" id=\"block-3c3fbc8e-3e8b-4c9f-9af5-5ab633e2145f\"><img decoding=\"async\" loading=\"lazy\" width=\"30\" height=\"30\" src=\"https:\/\/ifdcsierragrande-rng.infd.edu.ar\/sitio\/wp-content\/uploads\/2018\/06\/icono_pdf-e1534143269970.gif\" alt=\"\"> <strong><a rel=\"noreferrer noopener\" href=\"https:\/\/ifdcsierragrande-rng.infd.edu.ar\/sitio\/wp-content\/uploads\/2026\/02\/Disp.-270-19-Investigacion-y-Extension.pdf\" target=\"_blank\">Disp. 270\/19 Investigaci\u00f3n y Extensi\u00f3n<\/a><\/strong><\/h5>\n\n\n\n<h5 class=\"wp-block-heading has-normal-font-size\"><img decoding=\"async\" loading=\"lazy\" width=\"30\" height=\"30\" src=\"https:\/\/ifdcsierragrande-rng.infd.edu.ar\/sitio\/wp-content\/uploads\/2018\/06\/icono_pdf-e1534143269970.gif\" alt=\"\"> <a rel=\"noreferrer noopener\" href=\"https:\/\/ifdcsierragrande-rng.infd.edu.ar\/sitio\/wp-content\/uploads\/2026\/02\/Resolucion-00642-17.pdf\" target=\"_blank\"><strong>Res. 642\/17 Formaci\u00f3n Permanente<\/strong><\/a><\/h5>\n\n\n\n<h5 class=\"wp-block-heading has-normal-font-size\"><img decoding=\"async\" style=\"width: 30px;\" src=\"https:\/\/ifdcsierragrande-rng.infd.edu.ar\/sitio\/wp-content\/uploads\/2018\/06\/icono_pdf-e1534143269970.gif\" alt=\"\"> <a rel=\"noreferrer noopener\" href=\"https:\/\/ifdcsierragrande-rng.infd.edu.ar\/sitio\/wp-content\/uploads\/2022\/04\/res-2425-16-rom-anexo-I.pdf\" target=\"_blank\"><strong>Res. 2425\/16 Reglamento Org\u00e1nico Marco<\/strong><\/a><\/h5>\n\n\n\n<h5 class=\"wp-block-heading has-normal-font-size\"><img decoding=\"async\" loading=\"lazy\" width=\"30\" height=\"30\" class=\"wp-image-793\" style=\"width: 30px;\" src=\"https:\/\/ifdcsierragrande-rng.infd.edu.ar\/sitio\/wp-content\/uploads\/2018\/06\/icono_pdf-e1534143269970.gif\" alt=\"\"> <a rel=\"noreferrer noopener\" href=\"https:\/\/ifdcsierragrande-rng.infd.edu.ar\/sitio\/wp-content\/uploads\/2022\/04\/res-4077-14-ram-anexo-I.pdf\" target=\"_blank\"><strong>Res. 4077\/14 Reglamento Acad\u00e9mico Marco<\/strong><\/a><\/h5>\n\n\n\n<h5 class=\"wp-block-heading has-normal-font-size\"><img decoding=\"async\" loading=\"lazy\" width=\"30\" height=\"30\" class=\"wp-image-793\" style=\"width: 30px;\" src=\"https:\/\/ifdcsierragrande-rng.infd.edu.ar\/sitio\/wp-content\/uploads\/2018\/06\/icono_pdf-e1534143269970.gif\" alt=\"\"><strong> <a rel=\"noreferrer noopener\" href=\"https:\/\/ifdcsierragrande-rng.infd.edu.ar\/sitio\/wp-content\/uploads\/2026\/02\/Diseno-Curricular-para-la-Educacion-Inicial.pdf\" target=\"_blank\">Dise\u00f1o Curricular Nivel Inicial<\/a><\/strong><\/h5>\n\n\n\n<h5 class=\"wp-block-heading has-normal-font-size\"><img decoding=\"async\" loading=\"lazy\" width=\"30\" height=\"30\" class=\"wp-image-793\" style=\"width: 30px;\" src=\"https:\/\/ifdcsierragrande-rng.infd.edu.ar\/sitio\/wp-content\/uploads\/2018\/06\/icono_pdf-e1534143269970.gif\" alt=\"\"> <a rel=\"noreferrer noopener\" href=\"https:\/\/ifdcsierragrande-rng.infd.edu.ar\/sitio\/wp-content\/uploads\/2026\/02\/Diseno-Curricular-para-la-Educacion-Primaria.pdf\" target=\"_blank\"><strong>Dise\u00f1o Curricular Nivel Primario<\/strong><\/a><\/h5>\n\n\n\n<h5 class=\"wp-block-heading has-normal-font-size\"><img decoding=\"async\" loading=\"lazy\" width=\"30\" height=\"30\" class=\"wp-image-793\" style=\"width: 30px;\" src=\"https:\/\/ifdcsierragrande-rng.infd.edu.ar\/sitio\/wp-content\/uploads\/2018\/06\/icono_pdf-e1534143269970.gif\" alt=\"\"> <strong><a rel=\"noreferrer noopener\" href=\"https:\/\/ifdcsierragrande-rng.infd.edu.ar\/sitio\/wp-content\/uploads\/2026\/02\/Diseno-Curricular-Profesorado-de-Ed.-Inicial.pdf\" target=\"_blank\">Dise\u00f1o Curricular Profesorado de Educaci\u00f3n Inicial<\/a><\/strong><\/h5>\n\n\n\n<h5 class=\"wp-block-heading has-normal-font-size\"><img decoding=\"async\" loading=\"lazy\" width=\"30\" height=\"30\" class=\"wp-image-793\" style=\"width: 30px;\" src=\"https:\/\/ifdcsierragrande-rng.infd.edu.ar\/sitio\/wp-content\/uploads\/2018\/06\/icono_pdf-e1534143269970.gif\" alt=\"\"> <strong><a href=\"https:\/\/ifdcsierragrande-rng.infd.edu.ar\/sitio\/wp-content\/uploads\/2026\/02\/Diseno-Curricular-Profesorado-de-Ed.-Primaria.pdf\" target=\"_blank\" rel=\"noreferrer noopener\">Dise\u00f1o Curricular Profesorado de Educaci\u00f3n Primaria<\/a><\/strong><\/h5>\n\n\n\n<p><img decoding=\"async\" loading=\"lazy\" width=\"32\" height=\"30\" class=\"wp-image-4477\" style=\"width: 30px;\" src=\"https:\/\/ifdcsierragrande-rng.infd.edu.ar\/sitio\/wp-content\/uploads\/2025\/02\/Microsoft_Office_Word_Logo_32px.png\" alt=\"\"><strong><a href=\"https:\/\/ifdcsierragrande-rng.infd.edu.ar\/sitio\/wp-content\/uploads\/2026\/02\/Solicitud-de-inscripcion-para-postulantes-aspirantes.docx\" target=\"_blank\" rel=\"noreferrer noopener\"> Solicitud de Inscripci\u00f3n 2026<\/a><\/strong><\/p>\n\n\n\n<hr class=\"wp-block-separator has-alpha-channel-opacity\"\/>\n\n\n\n<p><strong><mark style=\"background-color:rgba(0, 0, 0, 0)\" class=\"has-inline-color has-contrast-color\">CONCURSOS 2026<\/mark><\/strong><\/p>\n\n\n\n<p><img decoding=\"async\" loading=\"lazy\" width=\"30\" height=\"30\" class=\"wp-image-4641\" style=\"width: 30px;\" src=\"https:\/\/ifdcsierragrande-rng.infd.edu.ar\/sitio\/wp-content\/uploads\/2025\/04\/image-2.png\" alt=\"\"> <strong>Disposici\u00f3n N\u00ba XXXX DES &#8211; X\u00ba Llamado<\/strong><\/p>\n\n\n\n<ul>\n<li><\/li>\n<\/ul>\n\n\n\n<p><\/p>\n\n\n\n<p><\/p>\n\n\n\n<p><\/p>\n\n\n\n<hr class=\"wp-block-separator has-alpha-channel-opacity\"\/>\n\n\n\n<p class=\"has-text-align-center\"><strong>E-mail:<\/strong> <a rel=\"noreferrer noopener\" href=\"https:\/\/accounts.google.com\/v3\/signin\/identifier?dsh=S-1660471308%3A1669293234027138&amp;continue=https%3A%2F%2Fmail.google.com%2Fmail%2Fu%2F0%2F&amp;emr=1&amp;followup=https%3A%2F%2Fmail.google.com%2Fmail%2Fu%2F0%2F&amp;osid=1&amp;passive=1209600&amp;service=mail&amp;flowName=GlifWebSignIn&amp;flowEntry=ServiceLogin&amp;ifkv=ARgdvAumXBHi--yRenemFhUj3c0LEcGbCReXX1VQuInK5-S2suiNvRjOiWCKg4YA_RwHpnEg4yZt\" target=\"_blank\">concursosifdcsg@gmail.com<\/a><\/p>\n\n\n\n<p class=\"has-text-align-center\"><strong>Direcci\u00f3n:<\/strong> Av. Ant\u00e1rtida Argentina y&nbsp;Docentes Rionegrinos. (Edificio Escuela Primaria N\u00b0 60).<\/p>\n\n\n\n<p class=\"has-text-align-center\"><strong>Tel\u00e9fono:<\/strong> 02934-481937<\/p>\n","protected":false},"excerpt":{"rendered":"<p>Bases concurso Res. 439\/26 Concursos Interinos y Suplentes Disp. 884\/25 Formaci\u00f3n Inicial Res. 6006\/24 Pr\u00e1cticas Docentes Disp. 270\/19 Investigaci\u00f3n y Extensi\u00f3n Res. 642\/17 Formaci\u00f3n Permanente Res. 2425\/16 Reglamento Org\u00e1nico Marco Res. 4077\/14 Reglamento Acad\u00e9mico Marco Dise\u00f1o Curricular Nivel Inicial Dise\u00f1o Curricular Nivel Primario Dise\u00f1o Curricular Profesorado de Educaci\u00f3n Inicial Dise\u00f1o Curricular Profesorado de Educaci\u00f3n Primaria &#8230; <a title=\"CONCURSOS DOCENTES\" class=\"read-more\" href=\"https:\/\/ifdcsierragrande-rng.infd.edu.ar\/sitio\/concursos-docentes\/\" aria-label=\"More on CONCURSOS DOCENTES\">[+]<\/a><\/p>\n","protected":false},"author":16,"featured_media":0,"parent":0,"menu_order":0,"comment_status":"closed","ping_status":"closed","template":"","meta":[],"acf":[],"_links":{"self":[{"href":"https:\/\/ifdcsierragrande-rng.infd.edu.ar\/sitio\/wp-json\/wp\/v2\/pages\/2812"}],"collection":[{"href":"https:\/\/ifdcsierragrande-rng.infd.edu.ar\/sitio\/wp-json\/wp\/v2\/pages"}],"about":[{"href":"https:\/\/ifdcsierragrande-rng.infd.edu.ar\/sitio\/wp-json\/wp\/v2\/types\/page"}],"author":[{"embeddable":true,"href":"https:\/\/ifdcsierragrande-rng.infd.edu.ar\/sitio\/wp-json\/wp\/v2\/users\/16"}],"replies":[{"embeddable":true,"href":"https:\/\/ifdcsierragrande-rng.infd.edu.ar\/sitio\/wp-json\/wp\/v2\/comments?post=2812"}],"version-history":[{"count":196,"href":"https:\/\/ifdcsierragrande-rng.infd.edu.ar\/sitio\/wp-json\/wp\/v2\/pages\/2812\/revisions"}],"predecessor-version":[{"id":5530,"href":"https:\/\/ifdcsierragrande-rng.infd.edu.ar\/sitio\/wp-json\/wp\/v2\/pages\/2812\/revisions\/5530"}],"wp:attachment":[{"href":"https:\/\/ifdcsierragrande-rng.infd.edu.ar\/sitio\/wp-json\/wp\/v2\/media?parent=2812"}],"curies":[{"name":"wp","href":"https:\/\/api.w.org\/{rel}","templated":true}]}}