{"id":2320,"date":"2020-09-17T10:40:22","date_gmt":"2020-09-17T13:40:22","guid":{"rendered":"https:\/\/ifdcsierragrande-rng.infd.edu.ar\/sitio\/?page_id=2320"},"modified":"2022-08-12T13:57:13","modified_gmt":"2022-08-12T16:57:13","slug":"videoconferencia","status":"publish","type":"page","link":"https:\/\/ifdcsierragrande-rng.infd.edu.ar\/sitio\/videoconferencia\/","title":{"rendered":"Videoconferencia"},"content":{"rendered":"<p><img decoding=\"async\" loading=\"lazy\" class=\"alignnone size-full wp-image-2334\" src=\"https:\/\/ifdcsierragrande-rng.infd.edu.ar\/sitio\/wp-content\/uploads\/2020\/09\/Videollamadas-2.jpg\" alt=\"\" width=\"1280\" height=\"720\" srcset=\"https:\/\/ifdcsierragrande-rng.infd.edu.ar\/sitio\/wp-content\/uploads\/2020\/09\/Videollamadas-2.jpg 1280w, https:\/\/ifdcsierragrande-rng.infd.edu.ar\/sitio\/wp-content\/uploads\/2020\/09\/Videollamadas-2-1000x563.jpg 1000w, https:\/\/ifdcsierragrande-rng.infd.edu.ar\/sitio\/wp-content\/uploads\/2020\/09\/Videollamadas-2-768x432.jpg 768w\" sizes=\"(max-width: 1280px) 100vw, 1280px\" \/><\/p>\n<p style=\"text-align: center;\"><b>Videoconferencia<\/b>&nbsp;o videollamada es la comunicaci\u00f3n simult\u00e1nea bidireccional de audio y v\u00eddeo, que permite mantener reuniones con grupos de personas situadas en lugares alejados entre s\u00ed.<\/p>\n","protected":false},"excerpt":{"rendered":"<p>Videoconferencia&nbsp;o videollamada es la comunicaci\u00f3n simult\u00e1nea bidireccional de audio y v\u00eddeo, que permite mantener reuniones con grupos de personas situadas en lugares alejados entre s\u00ed.<\/p>\n","protected":false},"author":16,"featured_media":0,"parent":0,"menu_order":0,"comment_status":"closed","ping_status":"closed","template":"","meta":[],"acf":[],"_links":{"self":[{"href":"https:\/\/ifdcsierragrande-rng.infd.edu.ar\/sitio\/wp-json\/wp\/v2\/pages\/2320"}],"collection":[{"href":"https:\/\/ifdcsierragrande-rng.infd.edu.ar\/sitio\/wp-json\/wp\/v2\/pages"}],"about":[{"href":"https:\/\/ifdcsierragrande-rng.infd.edu.ar\/sitio\/wp-json\/wp\/v2\/types\/page"}],"author":[{"embeddable":true,"href":"https:\/\/ifdcsierragrande-rng.infd.edu.ar\/sitio\/wp-json\/wp\/v2\/users\/16"}],"replies":[{"embeddable":true,"href":"https:\/\/ifdcsierragrande-rng.infd.edu.ar\/sitio\/wp-json\/wp\/v2\/comments?post=2320"}],"version-history":[{"count":6,"href":"https:\/\/ifdcsierragrande-rng.infd.edu.ar\/sitio\/wp-json\/wp\/v2\/pages\/2320\/revisions"}],"predecessor-version":[{"id":2935,"href":"https:\/\/ifdcsierragrande-rng.infd.edu.ar\/sitio\/wp-json\/wp\/v2\/pages\/2320\/revisions\/2935"}],"wp:attachment":[{"href":"https:\/\/ifdcsierragrande-rng.infd.edu.ar\/sitio\/wp-json\/wp\/v2\/media?parent=2320"}],"curies":[{"name":"wp","href":"https:\/\/api.w.org\/{rel}","templated":true}]}}