{"id":2315,"date":"2020-09-17T10:37:15","date_gmt":"2020-09-17T13:37:15","guid":{"rendered":"https:\/\/ifdcsierragrande-rng.infd.edu.ar\/sitio\/?page_id=2315"},"modified":"2022-02-11T23:24:43","modified_gmt":"2022-02-12T02:24:43","slug":"videoconferencias-google-meet","status":"publish","type":"page","link":"https:\/\/ifdcsierragrande-rng.infd.edu.ar\/sitio\/videoconferencias-google-meet\/","title":{"rendered":"Google Meet"},"content":{"rendered":"<p><a href=\"https:\/\/apps.google.com\/meet\/\"><img decoding=\"async\" loading=\"lazy\" class=\"wp-image-2316 aligncenter\" src=\"https:\/\/ifdcsierragrande-rng.infd.edu.ar\/sitio\/wp-content\/uploads\/2020\/09\/logo_lockup_meet_icon_horizontal-1.png\" alt=\"\" width=\"426\" height=\"136\" srcset=\"https:\/\/ifdcsierragrande-rng.infd.edu.ar\/sitio\/wp-content\/uploads\/2020\/09\/logo_lockup_meet_icon_horizontal-1.png 1402w, https:\/\/ifdcsierragrande-rng.infd.edu.ar\/sitio\/wp-content\/uploads\/2020\/09\/logo_lockup_meet_icon_horizontal-1-1000x320.png 1000w, https:\/\/ifdcsierragrande-rng.infd.edu.ar\/sitio\/wp-content\/uploads\/2020\/09\/logo_lockup_meet_icon_horizontal-1-768x245.png 768w\" sizes=\"(max-width: 426px) 100vw, 426px\" \/><\/a><\/p>\n<p style=\"text-align: center;\">Google Meet es un servicio de videotelefon\u00eda desarrollado por Google.\u200b Es una de las dos aplicaciones que constituyen la nueva versi\u00f3n de Google Hangouts, siendo la otra Google Chat. Google comenz\u00f3 a retirar la versi\u00f3n cl\u00e1sica de Hangouts en octubre de 2019.<\/p>\n<h3><\/h3>\n<h3 style=\"text-align: center;\"><a href=\"https:\/\/apps.google.com\/meet\/\" target=\"_blank\" rel=\"noopener\"><img decoding=\"async\" loading=\"lazy\" class=\"alignnone wp-image-2301\" src=\"https:\/\/ifdcsierragrande-rng.infd.edu.ar\/sitio\/wp-content\/uploads\/2020\/09\/Clic-Aqu\u00ed-1.jpg\" alt=\"\" width=\"159\" height=\"62\"><\/a><\/h3>\n","protected":false},"excerpt":{"rendered":"<p>Google Meet es un servicio de videotelefon\u00eda desarrollado por Google.\u200b Es una de las dos aplicaciones que constituyen la nueva versi\u00f3n de Google Hangouts, siendo la otra Google Chat. Google comenz\u00f3 a retirar la versi\u00f3n cl\u00e1sica de Hangouts en octubre de 2019.<\/p>\n","protected":false},"author":16,"featured_media":0,"parent":0,"menu_order":0,"comment_status":"closed","ping_status":"closed","template":"","meta":[],"acf":[],"_links":{"self":[{"href":"https:\/\/ifdcsierragrande-rng.infd.edu.ar\/sitio\/wp-json\/wp\/v2\/pages\/2315"}],"collection":[{"href":"https:\/\/ifdcsierragrande-rng.infd.edu.ar\/sitio\/wp-json\/wp\/v2\/pages"}],"about":[{"href":"https:\/\/ifdcsierragrande-rng.infd.edu.ar\/sitio\/wp-json\/wp\/v2\/types\/page"}],"author":[{"embeddable":true,"href":"https:\/\/ifdcsierragrande-rng.infd.edu.ar\/sitio\/wp-json\/wp\/v2\/users\/16"}],"replies":[{"embeddable":true,"href":"https:\/\/ifdcsierragrande-rng.infd.edu.ar\/sitio\/wp-json\/wp\/v2\/comments?post=2315"}],"version-history":[{"count":3,"href":"https:\/\/ifdcsierragrande-rng.infd.edu.ar\/sitio\/wp-json\/wp\/v2\/pages\/2315\/revisions"}],"predecessor-version":[{"id":2685,"href":"https:\/\/ifdcsierragrande-rng.infd.edu.ar\/sitio\/wp-json\/wp\/v2\/pages\/2315\/revisions\/2685"}],"wp:attachment":[{"href":"https:\/\/ifdcsierragrande-rng.infd.edu.ar\/sitio\/wp-json\/wp\/v2\/media?parent=2315"}],"curies":[{"name":"wp","href":"https:\/\/api.w.org\/{rel}","templated":true}]}}