{"id":1570,"date":"2025-02-15T12:03:49","date_gmt":"2025-02-15T15:03:49","guid":{"rendered":"https:\/\/ifdcsierragrande-rng.infd.edu.ar\/sitio\/?page_id=1570"},"modified":"2026-04-09T20:42:27","modified_gmt":"2026-04-09T23:42:27","slug":"actividades-de-extension","status":"publish","type":"page","link":"https:\/\/ifdcsierragrande-rng.infd.edu.ar\/sitio\/actividades-de-extension\/","title":{"rendered":"Investigaci\u00f3n y Extensi\u00f3n 2026"},"content":{"rendered":"\n<div class=\"wp-block-columns is-layout-flex wp-container-20\">\n<div class=\"wp-block-column is-layout-flow\">\n<pre class=\"wp-block-preformatted has-base-3-color has-vivid-cyan-blue-to-vivid-purple-gradient-background has-text-color has-background\">Marcos Normativos<\/pre>\n\n\n\n<div class=\"wp-block-columns is-layout-flex wp-container-4\">\n<div class=\"wp-block-column is-layout-flow\">\n<p>Jurisdiccionales<\/p>\n<\/div>\n\n\n\n<div class=\"wp-block-column is-layout-flow\">\n<p>Institucionales<\/p>\n<\/div>\n\n\n\n<div class=\"wp-block-column is-layout-flow\">\n<p>Referencias<\/p>\n<\/div>\n<\/div>\n\n\n\n<pre class=\"wp-block-preformatted has-base-3-color has-vivid-cyan-blue-to-vivid-purple-gradient-background has-text-color has-background\">Proyectos 2026<\/pre>\n\n\n\n<div class=\"wp-block-columns is-layout-flex wp-container-8\">\n<div class=\"wp-block-column is-layout-flow\">\n<p>Proyecto de Extensi\u00f3n<\/p>\n<\/div>\n\n\n\n<div class=\"wp-block-column is-layout-flow\">\n<p>Proyecto de Extensi\u00f3n<\/p>\n<\/div>\n\n\n\n<div class=\"wp-block-column is-layout-flow\">\n<p>Proyecto de Extensi\u00f3n<\/p>\n<\/div>\n<\/div>\n\n\n\n<div class=\"wp-block-columns is-layout-flex wp-container-12\">\n<div class=\"wp-block-column is-layout-flow\">\n<p>Proyecto de Investigaci\u00f3n<\/p>\n<\/div>\n\n\n\n<div class=\"wp-block-column is-layout-flow\">\n<p>Proyecto de Investigaci\u00f3n <\/p>\n<\/div>\n\n\n\n<div class=\"wp-block-column is-layout-flow\">\n<p>Proyecto de Investigaci\u00f3n<\/p>\n<\/div>\n<\/div>\n\n\n\n<pre class=\"wp-block-preformatted has-base-3-color has-vivid-cyan-blue-to-vivid-purple-gradient-background has-text-color has-background\">Experiencias de Curricularizaci\u00f3n de la Extensi\u00f3n<\/pre>\n\n\n\n<div class=\"wp-block-columns is-layout-flex wp-container-16\">\n<div class=\"wp-block-column is-layout-flow\">\n<p>2026<\/p>\n<\/div>\n\n\n\n<div class=\"wp-block-column is-layout-flow\">\n<p>2026<\/p>\n<\/div>\n\n\n\n<div class=\"wp-block-column is-layout-flow\">\n<p>2026<\/p>\n<\/div>\n<\/div>\n\n\n\n<pre class=\"wp-block-preformatted has-base-3-color has-vivid-cyan-blue-to-vivid-purple-gradient-background has-text-color has-background\">Galer\u00eda de actividades 2026<\/pre>\n\n\n\n<figure class=\"wp-block-gallery has-nested-images columns-default is-cropped wp-block-gallery-17 is-layout-flex\">\n<figure class=\"wp-block-image size-large\"><img decoding=\"async\" loading=\"lazy\" width=\"960\" height=\"1280\" src=\"https:\/\/ifdcsierragrande-rng.infd.edu.ar\/sitio\/wp-content\/uploads\/2026\/04\/WhatsApp-Image-2026-04-09-at-10.45.33-3.jpeg\" alt=\"\" class=\"wp-image-5589\" srcset=\"https:\/\/ifdcsierragrande-rng.infd.edu.ar\/sitio\/wp-content\/uploads\/2026\/04\/WhatsApp-Image-2026-04-09-at-10.45.33-3.jpeg 960w, https:\/\/ifdcsierragrande-rng.infd.edu.ar\/sitio\/wp-content\/uploads\/2026\/04\/WhatsApp-Image-2026-04-09-at-10.45.33-3-750x1000.jpeg 750w, https:\/\/ifdcsierragrande-rng.infd.edu.ar\/sitio\/wp-content\/uploads\/2026\/04\/WhatsApp-Image-2026-04-09-at-10.45.33-3-768x1024.jpeg 768w\" sizes=\"(max-width: 960px) 100vw, 960px\" \/><\/figure>\n\n\n\n<figure class=\"wp-block-image size-large\"><img decoding=\"async\" loading=\"lazy\" width=\"1280\" height=\"720\" src=\"https:\/\/ifdcsierragrande-rng.infd.edu.ar\/sitio\/wp-content\/uploads\/2026\/04\/WhatsApp-Image-2026-04-09-at-10.45.33-2.jpeg\" alt=\"\" class=\"wp-image-5586\" srcset=\"https:\/\/ifdcsierragrande-rng.infd.edu.ar\/sitio\/wp-content\/uploads\/2026\/04\/WhatsApp-Image-2026-04-09-at-10.45.33-2.jpeg 1280w, https:\/\/ifdcsierragrande-rng.infd.edu.ar\/sitio\/wp-content\/uploads\/2026\/04\/WhatsApp-Image-2026-04-09-at-10.45.33-2-1000x563.jpeg 1000w, https:\/\/ifdcsierragrande-rng.infd.edu.ar\/sitio\/wp-content\/uploads\/2026\/04\/WhatsApp-Image-2026-04-09-at-10.45.33-2-768x432.jpeg 768w\" sizes=\"(max-width: 1280px) 100vw, 1280px\" \/><\/figure>\n\n\n\n<figure class=\"wp-block-image size-large\"><img decoding=\"async\" loading=\"lazy\" width=\"1280\" height=\"960\" src=\"https:\/\/ifdcsierragrande-rng.infd.edu.ar\/sitio\/wp-content\/uploads\/2026\/04\/WhatsApp-Image-2026-04-09-at-10.45.33-1.jpeg\" alt=\"\" class=\"wp-image-5585\" srcset=\"https:\/\/ifdcsierragrande-rng.infd.edu.ar\/sitio\/wp-content\/uploads\/2026\/04\/WhatsApp-Image-2026-04-09-at-10.45.33-1.jpeg 1280w, https:\/\/ifdcsierragrande-rng.infd.edu.ar\/sitio\/wp-content\/uploads\/2026\/04\/WhatsApp-Image-2026-04-09-at-10.45.33-1-1000x750.jpeg 1000w, https:\/\/ifdcsierragrande-rng.infd.edu.ar\/sitio\/wp-content\/uploads\/2026\/04\/WhatsApp-Image-2026-04-09-at-10.45.33-1-768x576.jpeg 768w\" sizes=\"(max-width: 1280px) 100vw, 1280px\" \/><\/figure>\n\n\n\n<figure class=\"wp-block-image size-thumbnail\"><img decoding=\"async\" loading=\"lazy\" width=\"500\" height=\"500\" src=\"https:\/\/ifdcsierragrande-rng.infd.edu.ar\/sitio\/wp-content\/uploads\/2026\/04\/WhatsApp-Image-2026-04-09-at-10.45.33-500x500.jpeg\" alt=\"\" class=\"wp-image-5588\"\/><\/figure>\n\n\n\n<figure class=\"wp-block-image size-thumbnail\"><img decoding=\"async\" loading=\"lazy\" width=\"500\" height=\"500\" src=\"https:\/\/ifdcsierragrande-rng.infd.edu.ar\/sitio\/wp-content\/uploads\/2026\/04\/WhatsApp-Image-2026-04-09-at-10.46.39-500x500.jpeg\" alt=\"\" class=\"wp-image-5590\"\/><\/figure>\n\n\n\n<figure class=\"wp-block-image size-thumbnail\"><img decoding=\"async\" loading=\"lazy\" width=\"500\" height=\"500\" src=\"https:\/\/ifdcsierragrande-rng.infd.edu.ar\/sitio\/wp-content\/uploads\/2026\/04\/WhatsApp-Image-2026-04-09-at-10.48.27-500x500.jpeg\" alt=\"\" class=\"wp-image-5587\"\/><\/figure>\n<\/figure>\n\n\n\n<pre class=\"wp-block-preformatted has-base-3-color has-vivid-cyan-blue-to-vivid-purple-gradient-background has-text-color has-background\">Galer\u00eda de Actividades 2025<\/pre>\n<\/div>\n<\/div>\n\n\n\n<figure class=\"wp-block-gallery has-nested-images columns-default is-cropped wp-block-gallery-21 is-layout-flex\">\n<figure class=\"wp-block-image size-thumbnail\"><img decoding=\"async\" loading=\"lazy\" width=\"500\" height=\"500\" data-id=\"5244\"  src=\"https:\/\/ifdcsierragrande-rng.infd.edu.ar\/sitio\/wp-content\/uploads\/2025\/12\/WhatsApp-Image-2025-12-15-at-15.56.43-500x500.jpeg\" alt=\"\" class=\"wp-image-5244\"\/><\/figure>\n\n\n\n<figure class=\"wp-block-image size-thumbnail\"><img decoding=\"async\" loading=\"lazy\" width=\"500\" height=\"500\" data-id=\"5242\"  src=\"https:\/\/ifdcsierragrande-rng.infd.edu.ar\/sitio\/wp-content\/uploads\/2025\/12\/WhatsApp-Image-2025-12-15-at-15.56.44-1-500x500.jpeg\" alt=\"\" class=\"wp-image-5242\"\/><\/figure>\n\n\n\n<figure class=\"wp-block-image size-thumbnail\"><img decoding=\"async\" loading=\"lazy\" width=\"500\" height=\"500\" data-id=\"5238\"  src=\"https:\/\/ifdcsierragrande-rng.infd.edu.ar\/sitio\/wp-content\/uploads\/2025\/12\/WhatsApp-Image-2025-12-15-at-16.01.20-1-500x500.jpeg\" alt=\"\" class=\"wp-image-5238\"\/><\/figure>\n\n\n\n<figure class=\"wp-block-image size-large\"><img decoding=\"async\" loading=\"lazy\" width=\"1900\" height=\"1425\" data-id=\"5574\"  src=\"https:\/\/ifdcsierragrande-rng.infd.edu.ar\/sitio\/wp-content\/uploads\/2026\/04\/20250530_160448-1900x1425.jpg\" alt=\"\" class=\"wp-image-5574\" srcset=\"https:\/\/ifdcsierragrande-rng.infd.edu.ar\/sitio\/wp-content\/uploads\/2026\/04\/20250530_160448-1900x1425.jpg 1900w, https:\/\/ifdcsierragrande-rng.infd.edu.ar\/sitio\/wp-content\/uploads\/2026\/04\/20250530_160448-1000x750.jpg 1000w, https:\/\/ifdcsierragrande-rng.infd.edu.ar\/sitio\/wp-content\/uploads\/2026\/04\/20250530_160448-768x576.jpg 768w, https:\/\/ifdcsierragrande-rng.infd.edu.ar\/sitio\/wp-content\/uploads\/2026\/04\/20250530_160448-1536x1152.jpg 1536w, https:\/\/ifdcsierragrande-rng.infd.edu.ar\/sitio\/wp-content\/uploads\/2026\/04\/20250530_160448-2048x1536.jpg 2048w\" sizes=\"(max-width: 1900px) 100vw, 1900px\" \/><\/figure>\n\n\n\n<figure class=\"wp-block-image size-large\"><img decoding=\"async\" loading=\"lazy\" width=\"1599\" height=\"1200\" data-id=\"5239\"  src=\"https:\/\/ifdcsierragrande-rng.infd.edu.ar\/sitio\/wp-content\/uploads\/2025\/12\/WhatsApp-Image-2025-12-15-at-16.01.20.jpeg\" alt=\"\" class=\"wp-image-5239\" srcset=\"https:\/\/ifdcsierragrande-rng.infd.edu.ar\/sitio\/wp-content\/uploads\/2025\/12\/WhatsApp-Image-2025-12-15-at-16.01.20.jpeg 1599w, https:\/\/ifdcsierragrande-rng.infd.edu.ar\/sitio\/wp-content\/uploads\/2025\/12\/WhatsApp-Image-2025-12-15-at-16.01.20-1000x750.jpeg 1000w, https:\/\/ifdcsierragrande-rng.infd.edu.ar\/sitio\/wp-content\/uploads\/2025\/12\/WhatsApp-Image-2025-12-15-at-16.01.20-768x576.jpeg 768w, https:\/\/ifdcsierragrande-rng.infd.edu.ar\/sitio\/wp-content\/uploads\/2025\/12\/WhatsApp-Image-2025-12-15-at-16.01.20-1536x1153.jpeg 1536w\" sizes=\"(max-width: 1599px) 100vw, 1599px\" \/><\/figure>\n\n\n\n<figure class=\"wp-block-image size-large\"><img decoding=\"async\" loading=\"lazy\" width=\"1600\" height=\"1200\" data-id=\"5232\"  src=\"https:\/\/ifdcsierragrande-rng.infd.edu.ar\/sitio\/wp-content\/uploads\/2025\/12\/WhatsApp-Image-2025-12-15-at-16.01.24.jpeg\" alt=\"\" class=\"wp-image-5232\" srcset=\"https:\/\/ifdcsierragrande-rng.infd.edu.ar\/sitio\/wp-content\/uploads\/2025\/12\/WhatsApp-Image-2025-12-15-at-16.01.24.jpeg 1600w, https:\/\/ifdcsierragrande-rng.infd.edu.ar\/sitio\/wp-content\/uploads\/2025\/12\/WhatsApp-Image-2025-12-15-at-16.01.24-1000x750.jpeg 1000w, https:\/\/ifdcsierragrande-rng.infd.edu.ar\/sitio\/wp-content\/uploads\/2025\/12\/WhatsApp-Image-2025-12-15-at-16.01.24-768x576.jpeg 768w, https:\/\/ifdcsierragrande-rng.infd.edu.ar\/sitio\/wp-content\/uploads\/2025\/12\/WhatsApp-Image-2025-12-15-at-16.01.24-1536x1152.jpeg 1536w\" sizes=\"(max-width: 1600px) 100vw, 1600px\" \/><\/figure>\n\n\n\n<figure class=\"wp-block-image size-thumbnail\"><img decoding=\"async\" loading=\"lazy\" width=\"500\" height=\"500\" data-id=\"5575\"  src=\"https:\/\/ifdcsierragrande-rng.infd.edu.ar\/sitio\/wp-content\/uploads\/2026\/04\/20250630_181003-500x500.jpg\" alt=\"\" class=\"wp-image-5575\"\/><\/figure>\n\n\n\n<figure class=\"wp-block-image size-large\"><img decoding=\"async\" loading=\"lazy\" width=\"1600\" height=\"1200\" data-id=\"5223\"  src=\"https:\/\/ifdcsierragrande-rng.infd.edu.ar\/sitio\/wp-content\/uploads\/2025\/12\/WhatsApp-Image-2025-12-15-at-15.56.54.jpeg\" alt=\"\" class=\"wp-image-5223\" srcset=\"https:\/\/ifdcsierragrande-rng.infd.edu.ar\/sitio\/wp-content\/uploads\/2025\/12\/WhatsApp-Image-2025-12-15-at-15.56.54.jpeg 1600w, https:\/\/ifdcsierragrande-rng.infd.edu.ar\/sitio\/wp-content\/uploads\/2025\/12\/WhatsApp-Image-2025-12-15-at-15.56.54-1000x750.jpeg 1000w, https:\/\/ifdcsierragrande-rng.infd.edu.ar\/sitio\/wp-content\/uploads\/2025\/12\/WhatsApp-Image-2025-12-15-at-15.56.54-768x576.jpeg 768w, https:\/\/ifdcsierragrande-rng.infd.edu.ar\/sitio\/wp-content\/uploads\/2025\/12\/WhatsApp-Image-2025-12-15-at-15.56.54-1536x1152.jpeg 1536w\" sizes=\"(max-width: 1600px) 100vw, 1600px\" \/><\/figure>\n\n\n\n<figure class=\"wp-block-image size-large\"><img decoding=\"async\" loading=\"lazy\" width=\"1200\" height=\"1600\" data-id=\"5222\"  src=\"https:\/\/ifdcsierragrande-rng.infd.edu.ar\/sitio\/wp-content\/uploads\/2025\/12\/WhatsApp-Image-2025-12-15-at-15.56.53.jpeg\" alt=\"\" class=\"wp-image-5222\" srcset=\"https:\/\/ifdcsierragrande-rng.infd.edu.ar\/sitio\/wp-content\/uploads\/2025\/12\/WhatsApp-Image-2025-12-15-at-15.56.53.jpeg 1200w, https:\/\/ifdcsierragrande-rng.infd.edu.ar\/sitio\/wp-content\/uploads\/2025\/12\/WhatsApp-Image-2025-12-15-at-15.56.53-750x1000.jpeg 750w, https:\/\/ifdcsierragrande-rng.infd.edu.ar\/sitio\/wp-content\/uploads\/2025\/12\/WhatsApp-Image-2025-12-15-at-15.56.53-768x1024.jpeg 768w, https:\/\/ifdcsierragrande-rng.infd.edu.ar\/sitio\/wp-content\/uploads\/2025\/12\/WhatsApp-Image-2025-12-15-at-15.56.53-1152x1536.jpeg 1152w\" sizes=\"(max-width: 1200px) 100vw, 1200px\" \/><\/figure>\n\n\n\n<figure class=\"wp-block-image size-large\"><img decoding=\"async\" loading=\"lazy\" width=\"1200\" height=\"1600\" data-id=\"5220\"  src=\"https:\/\/ifdcsierragrande-rng.infd.edu.ar\/sitio\/wp-content\/uploads\/2025\/12\/WhatsApp-Image-2025-12-15-at-15.56.52-2.jpeg\" alt=\"\" class=\"wp-image-5220\" srcset=\"https:\/\/ifdcsierragrande-rng.infd.edu.ar\/sitio\/wp-content\/uploads\/2025\/12\/WhatsApp-Image-2025-12-15-at-15.56.52-2.jpeg 1200w, https:\/\/ifdcsierragrande-rng.infd.edu.ar\/sitio\/wp-content\/uploads\/2025\/12\/WhatsApp-Image-2025-12-15-at-15.56.52-2-750x1000.jpeg 750w, https:\/\/ifdcsierragrande-rng.infd.edu.ar\/sitio\/wp-content\/uploads\/2025\/12\/WhatsApp-Image-2025-12-15-at-15.56.52-2-768x1024.jpeg 768w, https:\/\/ifdcsierragrande-rng.infd.edu.ar\/sitio\/wp-content\/uploads\/2025\/12\/WhatsApp-Image-2025-12-15-at-15.56.52-2-1152x1536.jpeg 1152w\" sizes=\"(max-width: 1200px) 100vw, 1200px\" \/><\/figure>\n\n\n\n<figure class=\"wp-block-image size-large is-style-default\"><img decoding=\"async\" loading=\"lazy\" width=\"1200\" height=\"1600\" data-id=\"5221\"  src=\"https:\/\/ifdcsierragrande-rng.infd.edu.ar\/sitio\/wp-content\/uploads\/2025\/12\/WhatsApp-Image-2025-12-15-at-15.56.52-1.jpeg\" alt=\"\" class=\"wp-image-5221\" srcset=\"https:\/\/ifdcsierragrande-rng.infd.edu.ar\/sitio\/wp-content\/uploads\/2025\/12\/WhatsApp-Image-2025-12-15-at-15.56.52-1.jpeg 1200w, https:\/\/ifdcsierragrande-rng.infd.edu.ar\/sitio\/wp-content\/uploads\/2025\/12\/WhatsApp-Image-2025-12-15-at-15.56.52-1-750x1000.jpeg 750w, https:\/\/ifdcsierragrande-rng.infd.edu.ar\/sitio\/wp-content\/uploads\/2025\/12\/WhatsApp-Image-2025-12-15-at-15.56.52-1-768x1024.jpeg 768w, https:\/\/ifdcsierragrande-rng.infd.edu.ar\/sitio\/wp-content\/uploads\/2025\/12\/WhatsApp-Image-2025-12-15-at-15.56.52-1-1152x1536.jpeg 1152w\" sizes=\"(max-width: 1200px) 100vw, 1200px\" \/><\/figure>\n\n\n\n<figure class=\"wp-block-image size-large\"><img decoding=\"async\" loading=\"lazy\" width=\"1599\" height=\"1200\" data-id=\"5230\"  src=\"https:\/\/ifdcsierragrande-rng.infd.edu.ar\/sitio\/wp-content\/uploads\/2025\/12\/WhatsApp-Image-2025-12-15-at-16.01.24-1.jpeg\" alt=\"\" class=\"wp-image-5230\" srcset=\"https:\/\/ifdcsierragrande-rng.infd.edu.ar\/sitio\/wp-content\/uploads\/2025\/12\/WhatsApp-Image-2025-12-15-at-16.01.24-1.jpeg 1599w, https:\/\/ifdcsierragrande-rng.infd.edu.ar\/sitio\/wp-content\/uploads\/2025\/12\/WhatsApp-Image-2025-12-15-at-16.01.24-1-1000x750.jpeg 1000w, https:\/\/ifdcsierragrande-rng.infd.edu.ar\/sitio\/wp-content\/uploads\/2025\/12\/WhatsApp-Image-2025-12-15-at-16.01.24-1-768x576.jpeg 768w, https:\/\/ifdcsierragrande-rng.infd.edu.ar\/sitio\/wp-content\/uploads\/2025\/12\/WhatsApp-Image-2025-12-15-at-16.01.24-1-1536x1153.jpeg 1536w\" sizes=\"(max-width: 1599px) 100vw, 1599px\" \/><\/figure>\n\n\n\n<figure class=\"wp-block-image size-large\"><img decoding=\"async\" loading=\"lazy\" width=\"1280\" height=\"960\" data-id=\"5225\"  src=\"https:\/\/ifdcsierragrande-rng.infd.edu.ar\/sitio\/wp-content\/uploads\/2025\/12\/WhatsApp-Image-2025-12-15-at-16.01.25-2.jpeg\" alt=\"\" class=\"wp-image-5225\" srcset=\"https:\/\/ifdcsierragrande-rng.infd.edu.ar\/sitio\/wp-content\/uploads\/2025\/12\/WhatsApp-Image-2025-12-15-at-16.01.25-2.jpeg 1280w, https:\/\/ifdcsierragrande-rng.infd.edu.ar\/sitio\/wp-content\/uploads\/2025\/12\/WhatsApp-Image-2025-12-15-at-16.01.25-2-1000x750.jpeg 1000w, https:\/\/ifdcsierragrande-rng.infd.edu.ar\/sitio\/wp-content\/uploads\/2025\/12\/WhatsApp-Image-2025-12-15-at-16.01.25-2-768x576.jpeg 768w\" sizes=\"(max-width: 1280px) 100vw, 1280px\" \/><\/figure>\n\n\n\n<figure class=\"wp-block-image size-medium\"><img decoding=\"async\" loading=\"lazy\" width=\"1000\" height=\"750\" data-id=\"5226\"  src=\"https:\/\/ifdcsierragrande-rng.infd.edu.ar\/sitio\/wp-content\/uploads\/2025\/12\/WhatsApp-Image-2025-12-15-at-16.01.25-1000x750.jpeg\" alt=\"\" class=\"wp-image-5226\" srcset=\"https:\/\/ifdcsierragrande-rng.infd.edu.ar\/sitio\/wp-content\/uploads\/2025\/12\/WhatsApp-Image-2025-12-15-at-16.01.25-1000x750.jpeg 1000w, https:\/\/ifdcsierragrande-rng.infd.edu.ar\/sitio\/wp-content\/uploads\/2025\/12\/WhatsApp-Image-2025-12-15-at-16.01.25-768x576.jpeg 768w, https:\/\/ifdcsierragrande-rng.infd.edu.ar\/sitio\/wp-content\/uploads\/2025\/12\/WhatsApp-Image-2025-12-15-at-16.01.25.jpeg 1280w\" sizes=\"(max-width: 1000px) 100vw, 1000px\" \/><\/figure>\n\n\n\n<figure class=\"wp-block-image size-thumbnail\"><img decoding=\"async\" loading=\"lazy\" width=\"500\" height=\"500\" data-id=\"5237\"  src=\"https:\/\/ifdcsierragrande-rng.infd.edu.ar\/sitio\/wp-content\/uploads\/2025\/12\/WhatsApp-Image-2025-12-15-at-16.01.21-500x500.jpeg\" alt=\"\" class=\"wp-image-5237\"\/><\/figure>\n\n\n\n<figure class=\"wp-block-image size-large\"><img decoding=\"async\" loading=\"lazy\" width=\"1080\" height=\"1080\" data-id=\"5210\"  src=\"https:\/\/ifdcsierragrande-rng.infd.edu.ar\/sitio\/wp-content\/uploads\/2025\/12\/Encuentro-2-2.png\" alt=\"\" class=\"wp-image-5210\" srcset=\"https:\/\/ifdcsierragrande-rng.infd.edu.ar\/sitio\/wp-content\/uploads\/2025\/12\/Encuentro-2-2.png 1080w, https:\/\/ifdcsierragrande-rng.infd.edu.ar\/sitio\/wp-content\/uploads\/2025\/12\/Encuentro-2-2-1000x1000.png 1000w, https:\/\/ifdcsierragrande-rng.infd.edu.ar\/sitio\/wp-content\/uploads\/2025\/12\/Encuentro-2-2-500x500.png 500w, https:\/\/ifdcsierragrande-rng.infd.edu.ar\/sitio\/wp-content\/uploads\/2025\/12\/Encuentro-2-2-768x768.png 768w\" sizes=\"(max-width: 1080px) 100vw, 1080px\" \/><\/figure>\n\n\n\n<figure class=\"wp-block-image size-thumbnail\"><img decoding=\"async\" loading=\"lazy\" width=\"500\" height=\"500\" data-id=\"4655\"  src=\"https:\/\/ifdcsierragrande-rng.infd.edu.ar\/sitio\/wp-content\/uploads\/2025\/04\/IMG-20250403-WA0038-500x500.jpg\" alt=\"\" class=\"wp-image-4655\"\/><\/figure>\n<\/figure>\n\n\n\n<pre class=\"wp-block-preformatted has-vivid-cyan-blue-to-vivid-purple-gradient-background has-background\"><\/pre>\n","protected":false},"excerpt":{"rendered":"<p>Marcos Normativos Jurisdiccionales Institucionales Referencias Proyectos 2026 Proyecto de Extensi\u00f3n Proyecto de Extensi\u00f3n Proyecto de Extensi\u00f3n Proyecto de Investigaci\u00f3n Proyecto de Investigaci\u00f3n Proyecto de Investigaci\u00f3n Experiencias de Curricularizaci\u00f3n de la Extensi\u00f3n 2026 2026 2026 Galer\u00eda de actividades 2026 Galer\u00eda de Actividades 2025<\/p>\n","protected":false},"author":4,"featured_media":0,"parent":0,"menu_order":0,"comment_status":"closed","ping_status":"closed","template":"","meta":[],"acf":[],"_links":{"self":[{"href":"https:\/\/ifdcsierragrande-rng.infd.edu.ar\/sitio\/wp-json\/wp\/v2\/pages\/1570"}],"collection":[{"href":"https:\/\/ifdcsierragrande-rng.infd.edu.ar\/sitio\/wp-json\/wp\/v2\/pages"}],"about":[{"href":"https:\/\/ifdcsierragrande-rng.infd.edu.ar\/sitio\/wp-json\/wp\/v2\/types\/page"}],"author":[{"embeddable":true,"href":"https:\/\/ifdcsierragrande-rng.infd.edu.ar\/sitio\/wp-json\/wp\/v2\/users\/4"}],"replies":[{"embeddable":true,"href":"https:\/\/ifdcsierragrande-rng.infd.edu.ar\/sitio\/wp-json\/wp\/v2\/comments?post=1570"}],"version-history":[{"count":72,"href":"https:\/\/ifdcsierragrande-rng.infd.edu.ar\/sitio\/wp-json\/wp\/v2\/pages\/1570\/revisions"}],"predecessor-version":[{"id":5602,"href":"https:\/\/ifdcsierragrande-rng.infd.edu.ar\/sitio\/wp-json\/wp\/v2\/pages\/1570\/revisions\/5602"}],"wp:attachment":[{"href":"https:\/\/ifdcsierragrande-rng.infd.edu.ar\/sitio\/wp-json\/wp\/v2\/media?parent=1570"}],"curies":[{"name":"wp","href":"https:\/\/api.w.org\/{rel}","templated":true}]}}